{"id":1184,"date":"2018-10-09T08:24:24","date_gmt":"2018-10-09T08:24:24","guid":{"rendered":"https:\/\/www.murterluxuryapartments.eu\/pocetna\/"},"modified":"2021-03-05T11:26:18","modified_gmt":"2021-03-05T11:26:18","slug":"pocetna","status":"publish","type":"page","link":"https:\/\/www.murterluxuryapartments.eu\/en\/","title":{"rendered":"Home"},"content":{"rendered":"<p>[vc_row full_width=&#8221;stretch_row&#8221; equal_height=&#8221;yes&#8221; content_placement=&#8221;top&#8221; css=&#8221;.vc_custom_1539613883956{margin-top: 0px !important;margin-bottom: 0px !important;padding-top: 150px !important;padding-bottom: 130px !important;}&#8221;][vc_column offset=&#8221;vc_col-lg-6 vc_col-md-6 vc_col-xs-12&#8243;][vc_single_image image=&#8221;932&#8243; img_size=&#8221;full&#8221; alignment=&#8221;center&#8221; css_animation=&#8221;bottom-to-top&#8221;][\/vc_column][vc_column offset=&#8221;vc_col-lg-6 vc_col-md-6 vc_col-xs-12&#8243;]<div class=\"clearboth\"><\/div><div class=\"gem-divider \" style=\"margin-top: -5px;\"><\/div>[vc_column_text css_animation=&#8221;bottom-to-top&#8221;]<\/p>\n<div class=\"title-h5\"><span class=\"light\">WELCOME TO<\/span><\/div>\n<p>[\/vc_column_text]<div class=\"clearboth\"><\/div><div class=\"gem-divider \" style=\"margin-top: -20px;\"><\/div>[vc_column_text css_animation=&#8221;bottom-to-top&#8221; el_class=&#8221;uppercase-disable&#8221;]<\/p>\n<div class=\"title-h1\" style=\"text-transform: none;\">JOO &amp; JOO APARTMENTS<\/div>\n<p>[\/vc_column_text]<div class=\"clearboth\"><\/div><div class=\"gem-divider \" style=\"margin-top: 60px;\"><\/div>[vc_column_text css_animation=&#8221;bottom-to-top&#8221;]Luxury apartments Joo &amp; Joo are located in Murter, a small town on the island of the same name in Dalmatia.<br \/>\nIt is connected to the mainland by a bridge in Tisno.<br \/>\nPeace and the beauty of nature attract many tourists. The island is located near National Park Kornati, a group of islands that take the breath away of every visitor.<br \/>\nThanks to the crystal clear sea, Murter is very famous for all swim lovers. The most popular beach in Murter is Slanica, perfect combination of sand and turquoise sea.<br \/>\nIt is an 8-minute walk from the apartment. There are many other beaches nearby (Luke, Podvr\u0161ke, \u010cigra\u0111a, Pod Radu\u010d).[\/vc_column_text]<div class=\"clearboth\"><\/div><div class=\"gem-divider \" style=\"margin-top: 45px;\"><\/div><div class=\"gem-button-container gem-button-position-left lazy-loading\"><a class=\"gem-button gem-button-size-small gem-button-style-outline gem-button-text-weight-normal gem-button-border-2 lazy-loading-item\"data-ll-effect=\"drop-right-without-wrap\" style=\"border-radius: 0px;border-color: #00acb4;color: #00acb4;\" onmouseleave=\"this.style.borderColor='#00acb4';this.style.backgroundColor='transparent';this.style.color='#00acb4';\" onmouseenter=\"this.style.borderColor='#00acb4';this.style.backgroundColor='#00acb4';this.style.color='#ffffff';\" href=\"https:\/\/www.murterluxuryapartments.eu\/en\/about-us\" target=\"_self\">READ MORE<\/a><\/div> [\/vc_column][\/vc_row][vc_row full_width=&#8221;stretch_row&#8221; css=&#8221;.vc_custom_1613680012203{margin-top: 0px !important;margin-bottom: 0px !important;padding-top: 60px !important;padding-bottom: 90px !important;background-color: #f4f6f7 !important;background-position: center !important;background-repeat: no-repeat !important;background-size: cover !important;}&#8221;][vc_column][vc_column_text css_animation=&#8221;bottom-to-top&#8221;]<\/p>\n<div class=\"title-h5\" style=\"text-align: center;\"><span class=\"light\">FROM OUR OFFER<\/span><\/div>\n<p>[\/vc_column_text][vc_column_text css_animation=&#8221;bottom-to-top&#8221; el_class=&#8221;uppercase-disable&#8221;]<\/p>\n<div class=\"title-h1\" style=\"text-align: center;\">WE SPECIALLY EXPRESS<\/div>\n<p>[\/vc_column_text]<div class=\"clearboth\"><\/div><div class=\"gem-divider \" style=\"margin-top: 90px;\"><\/div>[\/vc_column][vc_column css_animation=&#8221;bottom-to-top&#8221; css=&#8221;.vc_custom_1541406152079{margin-top: 0px !important;margin-right: 0px !important;margin-bottom: 0px !important;margin-left: 0px !important;padding-top: 0px !important;padding-right: 0px !important;padding-bottom: 0px !important;padding-left: 0px !important;}&#8221; offset=&#8221;vc_col-lg-4 vc_col-md-4 vc_col-xs-12&#8243;]<div class=\"gem-textbox centered-box\" ><div class=\"gem-textbox-inner\" style=\"\"><div class=\"gem-textbox-content\" style=\"background-color: #ffffff;background-image: url(https:\/\/www.murterluxuryapartments.eu\/wp-content\/uploads\/2021\/02\/jojo-bazen.jpg);background-repeat: no-repeat; background-size: cover;background-position: center center;padding-top: 185px;padding-bottom: 185px;padding-left: 0px;padding-right: 0px;\"><\/div><\/div><\/div><div class=\"clearboth\"><\/div><div class=\"gem-divider \" style=\"margin-top: -75px;\"><\/div><div class=\"gem-textbox centered-box\" ><div class=\"gem-textbox-top gem-textbox-top-sentence\"><svg width=\"100\" height=\"50\" style=\"fill: #ffffff;\"><path d=\"M 0,51 Q 45,45 50,0 Q 55,45 100,51\" \/><\/svg><\/div><div class=\"gem-textbox-inner\" style=\"\"><div class=\"gem-textbox-content\" style=\"background-color: #ffffff;background-position: center top;padding-top: 70px;padding-bottom: 65px;padding-left: 50px;padding-right: 50px;\">[vc_column_text]<\/p>\n<div class=\"title-h5\" style=\"text-align: center;\"><span class=\"light\">SWIMMING POOL<\/span><\/div>\n<p>[\/vc_column_text]<div class=\"clearboth\"><\/div><div class=\"gem-divider \" style=\"margin-top: 35px;\"><\/div>[vc_column_text]<\/p>\n<p style=\"text-align: center;\">In Luxury Apartment Joo &amp; Joo you can enjoy a beautiful, spacious pool that will give you enough privacy.<\/p>\n<p>[\/vc_column_text]<div class=\"gem-button-container gem-button-position-center\"><a class=\"gem-button gem-button-size-tiny gem-button-style-flat gem-button-text-weight-normal\" style=\"border-radius: 0px;background-color: #19bfd3;color: #ffffff;\" onmouseleave=\"this.style.backgroundColor='#19bfd3';this.style.color='#ffffff';\" onmouseenter=\"this.style.backgroundColor='#002128';this.style.color='#ffffff';\" href=\"https:\/\/www.murterluxuryapartments.eu\/en\/villa\/\" target=\"_self\">Gallery<\/a><\/div> <\/div><\/div><\/div>[\/vc_column][vc_column css_animation=&#8221;bottom-to-top&#8221; css=&#8221;.vc_custom_1550232040975{margin-top: 0px !important;margin-right: 0px !important;margin-bottom: 0px !important;margin-left: 0px !important;padding-top: 0px !important;padding-right: 0px !important;padding-bottom: 0px !important;padding-left: 0px !important;}&#8221; offset=&#8221;vc_col-lg-4 vc_col-md-4 vc_col-xs-12&#8243; el_class=&#8221;negative-index&#8221;]<div class=\"gem-textbox centered-box\" ><div class=\"gem-textbox-inner\" style=\"\"><div class=\"gem-textbox-content\" style=\"background-color: #ffffff;background-repeat: no-repeat; background-size: cover;background-position: center center;padding-top: 70px;padding-bottom: 70px;padding-left: 50px;padding-right: 50px;\">[vc_column_text]<\/p>\n<div class=\"title-h5\" style=\"text-align: center;\"><span class=\"light\">JOO BAR<\/span><\/div>\n<p>[\/vc_column_text]<div class=\"clearboth\"><\/div><div class=\"gem-divider \" style=\"margin-top: 35px;\"><\/div>[vc_column_text]<\/p>\n<p style=\"text-align: center;\">All guests of the Joo &amp; Joo apartment have a welcome cocktail at the Joo bar, a popular area in Murter.<\/p>\n<p>[\/vc_column_text]<div class=\"gem-button-container gem-button-position-center\"><a class=\"gem-button gem-button-size-tiny gem-button-style-flat gem-button-text-weight-normal\" style=\"border-radius: 0px;background-color: #19bfd3;color: #ffffff;\" onmouseleave=\"this.style.backgroundColor='#19bfd3';this.style.color='#ffffff';\" onmouseenter=\"this.style.backgroundColor='#002128';this.style.color='#ffffff';\" href=\"https:\/\/www.murterluxuryapartments.eu\/en\/gallery-joo-bar-murter\/\" target=\"_self\">Gallery<\/a><\/div> <\/div><\/div><div class=\"gem-textbox-bottom gem-textbox-bottom-sentence\"><svg width=\"100\" height=\"50\" style=\"fill: #ffffff;\"><path d=\"M 0,-1 Q 45,5 50,50 Q 55,5 100,-1\" \/><\/svg><\/div><\/div><div class=\"clearboth\"><\/div><div class=\"gem-divider \" style=\"margin-top: -75px;\"><\/div><div class=\"gem-textbox\" ><div class=\"gem-textbox-inner\" style=\"\"><div class=\"gem-textbox-content\" style=\"background-image: url(https:\/\/www.murterluxuryapartments.eu\/wp-content\/uploads\/2021\/02\/joo-bar.jpg);background-repeat: no-repeat; background-size: cover;background-position: center center;padding-top: 184px;padding-bottom: 180px;\"><\/div><\/div><\/div>[\/vc_column][vc_column css_animation=&#8221;bottom-to-top&#8221; css=&#8221;.vc_custom_1541406171432{margin-top: 0px !important;margin-right: 0px !important;margin-bottom: 0px !important;margin-left: 0px !important;padding-top: 0px !important;padding-right: 0px !important;padding-bottom: 0px !important;padding-left: 0px !important;}&#8221; offset=&#8221;vc_col-lg-4 vc_col-md-4 vc_col-xs-12&#8243;]<div class=\"gem-textbox centered-box\" ><div class=\"gem-textbox-inner\" style=\"\"><div class=\"gem-textbox-content\" style=\"background-color: #ffffff;background-image: url(https:\/\/www.murterluxuryapartments.eu\/wp-content\/uploads\/2021\/02\/jojo-poglednamore.jpg);background-repeat: no-repeat; background-size: cover;background-position: center center;padding-top: 185px;padding-bottom: 185px;\"><\/div><\/div><\/div><div class=\"clearboth\"><\/div><div class=\"gem-divider \" style=\"margin-top: -75px;\"><\/div><div class=\"gem-textbox centered-box\" ><div class=\"gem-textbox-top gem-textbox-top-sentence\"><svg width=\"100\" height=\"50\" style=\"fill: #ffffff;\"><path d=\"M 0,51 Q 45,45 50,0 Q 55,45 100,51\" \/><\/svg><\/div><div class=\"gem-textbox-inner\" style=\"\"><div class=\"gem-textbox-content\" style=\"background-color: #ffffff;background-position: center top;padding-top: 70px;padding-bottom: 65px;padding-left: 50px;padding-right: 50px;\">[vc_column_text]<\/p>\n<div class=\"title-h5\" style=\"text-align: center;\"><span class=\"light\">SEA VIEW<\/span><\/div>\n<p>[\/vc_column_text]<div class=\"clearboth\"><\/div><div class=\"gem-divider \" style=\"margin-top: 35px;\"><\/div>[vc_column_text]<\/p>\n<p style=\"text-align: center;\">The sea view from the Joo &amp; Joo apartment is unbelievably beautiful. Enjoy the view of Murter and the beautiful sea landscape.<\/p>\n<p>[\/vc_column_text]<div class=\"gem-button-container gem-button-position-center\"><a class=\"gem-button gem-button-size-tiny gem-button-style-flat gem-button-text-weight-normal\" style=\"border-radius: 0px;background-color: #19bfd3;color: #ffffff;\" onmouseleave=\"this.style.backgroundColor='#19bfd3';this.style.color='#ffffff';\" onmouseenter=\"this.style.backgroundColor='#002128';this.style.color='#ffffff';\" href=\"https:\/\/www.murterluxuryapartments.eu\/en\/villa\/\" target=\"_self\">Gallery<\/a><\/div> <\/div><\/div><\/div>[\/vc_column][\/vc_row][vc_row full_width=&#8221;stretch_row&#8221; css=&#8221;.vc_custom_1539613207778{margin-top: 0px !important;margin-bottom: 0px !important;padding-top: 100px !important;padding-bottom: 80px !important;}&#8221;][vc_column][vc_column_text css_animation=&#8221;bottom-to-top&#8221;]<\/p>\n<div class=\"title-h5\" style=\"text-align: center;\"><span class=\"light\">LUXURY APARTMENTS<\/span><\/div>\n<p>[\/vc_column_text]<div class=\"clearboth\"><\/div><div class=\"gem-divider \" style=\"margin-top: -20px;\"><\/div>[vc_column_text css_animation=&#8221;bottom-to-top&#8221; el_class=&#8221;uppercase-disable&#8221;]<\/p>\n<div class=\"title-h1\" style=\"text-align: center; text-transform: none;\">JOO &amp; JOO MURTER<\/div>\n<p>[\/vc_column_text]<div class=\"clearboth\"><\/div><div class=\"gem-divider \" style=\"margin-top: 100px;\"><\/div><div data-page=\"1\" data-next-page=\"0\"><\/div>[\/vc_column][\/vc_row][vc_row full_width=&#8221;stretch_row_content_no_spaces&#8221; css=&#8221;.vc_custom_1613594897977{margin-top: 0px !important;margin-bottom: 0px !important;padding-top: 0px !important;padding-bottom: 0px !important;background-image: url(https:\/\/www.murterluxuryapartments.eu\/wp-content\/uploads\/2021\/02\/joo-joo-apartments-murter.jpg?id=962) !important;background-position: center !important;background-repeat: no-repeat !important;background-size: cover !important;}&#8221;][vc_column]<div id=\"fullwidth-block-69e1127133c2e\" class=\"fullwidth-block fullwidth-block-parallax-vertical clearfix\" data-mobile-parallax-enable=\"1\" style=\"padding-top: 200px;padding-bottom: 200px;\"><script type=\"text\/javascript\">if (typeof(gem_fix_fullwidth_position) == \"function\") { gem_fix_fullwidth_position(document.getElementById(\"fullwidth-block-69e1127133c2e\")); }<\/script><div class=\"fullwidth-block-inner\"><div class=\"container\">[vc_row_inner css=&#8221;.vc_custom_1539776730951{margin-top: 0px !important;margin-bottom: 0px !important;border-top-width: 3px !important;border-right-width: 3px !important;border-bottom-width: 3px !important;border-left-width: 3px !important;padding-top: 15px !important;padding-right: 15px !important;padding-bottom: 15px !important;padding-left: 15px !important;border-left-color: #7ed0d5 !important;border-left-style: solid !important;border-right-color: #7ed0d5 !important;border-right-style: solid !important;border-top-color: #7ed0d5 !important;border-top-style: solid !important;border-bottom-color: #7ed0d5 !important;border-bottom-style: solid !important;}&#8221;][vc_column_inner css=&#8221;.vc_custom_1539776801222{margin-top: 0px !important;margin-bottom: 0px !important;border-top-width: 3px !important;border-right-width: 3px !important;border-bottom-width: 3px !important;border-left-width: 3px !important;padding-top: 100px !important;padding-bottom: 40px !important;border-left-color: #ffffff !important;border-left-style: solid !important;border-right-color: #ffffff !important;border-right-style: solid !important;border-top-color: #ffffff !important;border-top-style: solid !important;border-bottom-color: #ffffff !important;border-bottom-style: solid !important;}&#8221;][vc_column_text css_animation=&#8221;bottom-to-top&#8221;]<\/p>\n<div class=\"title-h4\" style=\"text-align: center;\"><\/div>\n<p>[\/vc_column_text]<div class=\"clearboth\"><\/div><div class=\"gem-divider \" style=\"\"><\/div>[vc_column_text css_animation=&#8221;bottom-to-top&#8221; el_class=&#8221;uppercase-disable&#8221;]<\/p>\n<div class=\"title-xlarge\" style=\"text-align: center;\"><span style=\"color: #ffffff;\">JOO &amp; JOO Luxury Apartments<\/span><\/div>\n<p>[\/vc_column_text]<div class=\"clearboth\"><\/div><div class=\"gem-divider \" style=\"margin-top: 30px;\"><\/div>[vc_column_text css_animation=&#8221;bottom-to-top&#8221;]<\/p>\n<div class=\"styled-subtitle\" style=\"text-align: center;\"><\/div>\n<p>[\/vc_column_text]<div class=\"clearboth\"><\/div><div class=\"gem-divider \" style=\"margin-top: 10px;\"><\/div><div class=\"gem-button-container gem-button-position-center lazy-loading\"><a class=\"gem-button gem-button-size-medium gem-button-style-flat gem-button-text-weight-normal lazy-loading-item\"data-ll-effect=\"drop-right-without-wrap\" style=\"border-radius: 0px;background-color: #105e6f;color: #ffffff;\" onmouseleave=\"this.style.backgroundColor='#105e6f';this.style.color='#ffffff';\" onmouseenter=\"this.style.backgroundColor='#ffffff';this.style.color='#105e6f';\" href=\"https:\/\/www.murterluxuryapartments.eu\/en\/contact\" target=\"_self\">Reservation<\/a><\/div> [\/vc_column_inner][\/vc_row_inner]<\/div><\/div><\/div>[\/vc_column][\/vc_row][vc_row full_width=&#8221;stretch_row&#8221; equal_height=&#8221;yes&#8221; content_placement=&#8221;middle&#8221; css=&#8221;.vc_custom_1613722584974{margin-top: 0px !important;margin-bottom: 0px !important;padding-top: 70px !important;padding-bottom: 100px !important;background-image: url(https:\/\/www.murterluxuryapartments.eu\/wp-content\/uploads\/2021\/02\/underwater-bg.jpg?id=1150) !important;background-position: center !important;background-repeat: no-repeat !important;background-size: cover !important;}&#8221;][vc_column css_animation=&#8221;bottom-to-top&#8221; offset=&#8221;vc_col-lg-4 vc_col-md-12 vc_col-xs-12&#8243;][vc_custom_heading text=&#8221;2021&#8243; font_container=&#8221;tag:h6|font_size:80|text_align:center|color:%2349dcc2&#8243; google_fonts=&#8221;font_family:Montserrat%3Aregular%2C700|font_style:700%20bold%20regular%3A700%3Anormal&#8221; css_animation=&#8221;bottom-to-top&#8221; css=&#8221;.vc_custom_1613590958222{margin-top: 0px !important;margin-bottom: 0px !important;padding-top: 0px !important;padding-bottom: 0px !important;}&#8221;][\/vc_column][vc_column css_animation=&#8221;bottom-to-top&#8221; offset=&#8221;vc_col-lg-6 vc_col-md-12 vc_col-xs-12&#8243;]<div class=\"clearboth\"><\/div><div class=\"gem-divider \" style=\"margin-top: 15px;\"><\/div>[vc_column_text css_animation=&#8221;bottom-to-top&#8221;]<\/p>\n<div class=\"title-h2\" style=\"text-align: center;\"><span style=\"color: #ffffff;\">GREAT SUMMER OFFERS<br \/>\n<\/span><\/div>\n<p>[\/vc_column_text]<div class=\"clearboth\"><\/div><div class=\"gem-divider \" style=\"margin-top: -20px;\"><\/div>[vc_column_text css_animation=&#8221;bottom-to-top&#8221;]<\/p>\n<div class=\"title-h5\" style=\"text-align: center;\"><span class=\"light\" style=\"color: #ffffff;\">JOO &amp; JOO Luxury Apartments Murter<\/span><\/div>\n<p>[\/vc_column_text][\/vc_column][vc_column css_animation=&#8221;bottom-to-top&#8221; offset=&#8221;vc_col-lg-2 vc_col-md-12 vc_col-xs-12&#8243; css=&#8221;.vc_custom_1541409280512{margin-bottom: 0px !important;padding-bottom: 0px !important;}&#8221;]<div class=\"gem-button-container gem-button-position-center lazy-loading\"><a class=\"gem-button gem-button-size-medium gem-button-style-flat gem-button-text-weight-normal lazy-loading-item\"data-ll-effect=\"drop-right-without-wrap\" style=\"border-radius: 0px;background-color: #2bb1b6;color: #ffffff;\" onmouseleave=\"this.style.backgroundColor='#2bb1b6';this.style.color='#ffffff';\" onmouseenter=\"this.style.backgroundColor='#ffffff';this.style.color='#2bb1b6';\" href=\"https:\/\/www.murterluxuryapartments.eu\/en\/contact\" target=\"_self\">Contact<\/a><\/div> [\/vc_column][\/vc_row]<\/p>\n","protected":false},"excerpt":{"rendered":"<p>[vc_row full_width=&#8221;stretch_row&#8221; equal_height=&#8221;yes&#8221; content_placement=&#8221;top&#8221; css=&#8221;.vc_custom_1539613883956{margin-top: 0px !important;margin-bottom: 0px !important;padding-top: 150px !important;padding-bottom: 130px !important;}&#8221;][vc_column offset=&#8221;vc_col-lg-6 vc_col-md-6 vc_col-xs-12&#8243;][vc_single_image image=&#8221;932&#8243; img_size=&#8221;full&#8221; alignment=&#8221;center&#8221; css_animation=&#8221;bottom-to-top&#8221;][\/vc_column][vc_column&#8230;<\/p>\n","protected":false},"author":1,"featured_media":0,"parent":0,"menu_order":0,"comment_status":"closed","ping_status":"closed","template":"","meta":{"footnotes":""},"class_list":["post-1184","page","type-page","status-publish"],"_links":{"self":[{"href":"https:\/\/www.murterluxuryapartments.eu\/en\/wp-json\/wp\/v2\/pages\/1184","targetHints":{"allow":["GET"]}}],"collection":[{"href":"https:\/\/www.murterluxuryapartments.eu\/en\/wp-json\/wp\/v2\/pages"}],"about":[{"href":"https:\/\/www.murterluxuryapartments.eu\/en\/wp-json\/wp\/v2\/types\/page"}],"author":[{"embeddable":true,"href":"https:\/\/www.murterluxuryapartments.eu\/en\/wp-json\/wp\/v2\/users\/1"}],"replies":[{"embeddable":true,"href":"https:\/\/www.murterluxuryapartments.eu\/en\/wp-json\/wp\/v2\/comments?post=1184"}],"version-history":[{"count":36,"href":"https:\/\/www.murterluxuryapartments.eu\/en\/wp-json\/wp\/v2\/pages\/1184\/revisions"}],"predecessor-version":[{"id":1293,"href":"https:\/\/www.murterluxuryapartments.eu\/en\/wp-json\/wp\/v2\/pages\/1184\/revisions\/1293"}],"wp:attachment":[{"href":"https:\/\/www.murterluxuryapartments.eu\/en\/wp-json\/wp\/v2\/media?parent=1184"}],"curies":[{"name":"wp","href":"https:\/\/api.w.org\/{rel}","templated":true}]}}